{"id":131,"date":"2022-01-23T22:20:18","date_gmt":"2022-01-23T21:20:18","guid":{"rendered":"https:\/\/hitna2022.conventuscredo.hr\/?page_id=131"},"modified":"2022-05-11T10:43:37","modified_gmt":"2022-05-11T08:43:37","slug":"invited-speakers","status":"publish","type":"page","link":"https:\/\/hitna2022.conventuscredo.hr\/en\/invited-speakers\/","title":{"rendered":"Invited speakers"},"content":{"rendered":"<p style=\"font-weight: 400;\">INGRID BO\u0160AN KALIBARDA (Zagreb, Croatia)<\/p>\n<p style=\"font-weight: 400;\">MONIKA BRODMANN MAEDER (Bern, Switzerland)<\/p>\n<p style=\"font-weight: 400;\">RUTH BROWN (London, UK)<\/p>\n<p style=\"font-weight: 400;\">ARISTOMENIS EXADAKTYLOS (Bern, Switzerland)<\/p>\n<p style=\"font-weight: 400;\">BORIS FILIPOVI\u0106 GR\u010cI\u0106 (Zagreb, Croatia)<\/p>\n<p style=\"font-weight: 400;\">IVAN GORNIK (Zagreb, Croatia)<\/p>\n<p style=\"font-weight: 400;\">CHARLES HAVILAN MIZE (Bridgeport, CT, USA)<\/p>\n<p style=\"font-weight: 400;\">MICHAEL KELLNER (New York, NY, USA)<\/p>\n<p style=\"font-weight: 400;\">ROBERT LEACH (Tournai, Belgium)<\/p>\n<p style=\"font-weight: 400;\">VI\u0160NJA NESEK ADAM (Zagreb, Croatia)<\/p>\n<p style=\"font-weight: 400;\">MARTINA PAVLETI\u0106 (Rijeka, Croatia)<\/p>\n<p style=\"font-weight: 400;\">HRVOJE PINTARI\u0106 (Zagreb, Croatia)<\/p>\n<p style=\"font-weight: 400;\">INGRID PRKA\u010cIN (Zagreb, Croatia)<\/p>\n<p style=\"font-weight: 400;\">IRA SKOK (Zagreb, Croatia)<\/p>\n<p style=\"font-weight: 400;\">ALAN \u0160USTI\u0106 (Rijeka, Croatia)<\/p>\n<p style=\"font-weight: 400;\">JUDITH TINTINALLI (Chapel Hill, NC, USA)<\/p>\n<p style=\"font-weight: 400;\">\n","protected":false},"excerpt":{"rendered":"<p>INGRID BO\u0160AN KALIBARDA (Zagreb, Croatia) MONIKA BRODMANN MAEDER (Bern, Switzerland) RUTH BROWN (London, UK) ARISTOMENIS EXADAKTYLOS (Bern, Switzerland) BORIS FILIPOVI\u0106 GR\u010cI\u0106 (Zagreb, Croatia) IVAN GORNIK (Zagreb, Croatia) CHARLES HAVILAN MIZE (Bridgeport, CT, USA) MICHAEL KELLNER (New York, NY, USA) ROBERT LEACH (Tournai, Belgium) VI\u0160NJA NESEK ADAM (Zagreb, Croatia) MARTINA PAVLETI\u0106 (Rijeka, Croatia) HRVOJE PINTARI\u0106 (Zagreb, [&hellip;]<\/p>\n","protected":false},"author":1,"featured_media":0,"parent":0,"menu_order":0,"comment_status":"closed","ping_status":"closed","template":"","meta":{"_acf_changed":false,"_et_pb_use_builder":"","_et_pb_old_content":"","_et_gb_content_width":"","footnotes":""},"class_list":["post-131","page","type-page","status-publish","hentry"],"acf":[],"yoast_head":"<!-- This site is optimized with the Yoast SEO plugin v27.5 - https:\/\/yoast.com\/product\/yoast-seo-wordpress\/ -->\n<title>Invited speakers - 6. kongres hitne medicine s me\u0111unarodnim sudjelovanjem<\/title>\n<meta name=\"robots\" content=\"index, follow, max-snippet:-1, max-image-preview:large, max-video-preview:-1\" \/>\n<link rel=\"canonical\" href=\"https:\/\/hitna2022.conventuscredo.hr\/en\/invited-speakers\/\" \/>\n<meta property=\"og:locale\" content=\"en_US\" \/>\n<meta property=\"og:type\" content=\"article\" \/>\n<meta property=\"og:title\" content=\"Invited speakers - 6. kongres hitne medicine s me\u0111unarodnim sudjelovanjem\" \/>\n<meta property=\"og:description\" content=\"INGRID BO\u0160AN KALIBARDA (Zagreb, Croatia) MONIKA BRODMANN MAEDER (Bern, Switzerland) RUTH BROWN (London, UK) ARISTOMENIS EXADAKTYLOS (Bern, Switzerland) BORIS FILIPOVI\u0106 GR\u010cI\u0106 (Zagreb, Croatia) IVAN GORNIK (Zagreb, Croatia) CHARLES HAVILAN MIZE (Bridgeport, CT, USA) MICHAEL KELLNER (New York, NY, USA) ROBERT LEACH (Tournai, Belgium) VI\u0160NJA NESEK ADAM (Zagreb, Croatia) MARTINA PAVLETI\u0106 (Rijeka, Croatia) HRVOJE PINTARI\u0106 (Zagreb, [&hellip;]\" \/>\n<meta property=\"og:url\" content=\"https:\/\/hitna2022.conventuscredo.hr\/en\/invited-speakers\/\" \/>\n<meta property=\"og:site_name\" content=\"6. kongres hitne medicine s me\u0111unarodnim sudjelovanjem\" \/>\n<meta property=\"article:modified_time\" content=\"2022-05-11T08:43:37+00:00\" \/>\n<meta name=\"twitter:card\" content=\"summary_large_image\" \/>\n<meta name=\"twitter:label1\" content=\"Est. reading time\" \/>\n\t<meta name=\"twitter:data1\" content=\"1 minute\" \/>\n<script type=\"application\/ld+json\" class=\"yoast-schema-graph\">{\"@context\":\"https:\\\/\\\/schema.org\",\"@graph\":[{\"@type\":\"WebPage\",\"@id\":\"https:\\\/\\\/hitna2022.conventuscredo.hr\\\/en\\\/invited-speakers\\\/\",\"url\":\"https:\\\/\\\/hitna2022.conventuscredo.hr\\\/en\\\/invited-speakers\\\/\",\"name\":\"Invited speakers - 6. kongres hitne medicine s me\u0111unarodnim sudjelovanjem\",\"isPartOf\":{\"@id\":\"https:\\\/\\\/hitna2022.conventuscredo.hr\\\/en\\\/#website\"},\"datePublished\":\"2022-01-23T21:20:18+00:00\",\"dateModified\":\"2022-05-11T08:43:37+00:00\",\"breadcrumb\":{\"@id\":\"https:\\\/\\\/hitna2022.conventuscredo.hr\\\/en\\\/invited-speakers\\\/#breadcrumb\"},\"inLanguage\":\"en-US\",\"potentialAction\":[{\"@type\":\"ReadAction\",\"target\":[\"https:\\\/\\\/hitna2022.conventuscredo.hr\\\/en\\\/invited-speakers\\\/\"]}]},{\"@type\":\"BreadcrumbList\",\"@id\":\"https:\\\/\\\/hitna2022.conventuscredo.hr\\\/en\\\/invited-speakers\\\/#breadcrumb\",\"itemListElement\":[{\"@type\":\"ListItem\",\"position\":1,\"name\":\"Po\u010detna stranica\",\"item\":\"https:\\\/\\\/hitna2022.conventuscredo.hr\\\/en\\\/\"},{\"@type\":\"ListItem\",\"position\":2,\"name\":\"Invited speakers\"}]},{\"@type\":\"WebSite\",\"@id\":\"https:\\\/\\\/hitna2022.conventuscredo.hr\\\/en\\\/#website\",\"url\":\"https:\\\/\\\/hitna2022.conventuscredo.hr\\\/en\\\/\",\"name\":\"6. kongres hitne medicine s me\u0111unarodnim sudjelovanjem\",\"description\":\"03.-05. lipnja 2022. Vodice, Hrvatska\",\"potentialAction\":[{\"@type\":\"SearchAction\",\"target\":{\"@type\":\"EntryPoint\",\"urlTemplate\":\"https:\\\/\\\/hitna2022.conventuscredo.hr\\\/en\\\/?s={search_term_string}\"},\"query-input\":{\"@type\":\"PropertyValueSpecification\",\"valueRequired\":true,\"valueName\":\"search_term_string\"}}],\"inLanguage\":\"en-US\"}]}<\/script>\n<!-- \/ Yoast SEO plugin. -->","yoast_head_json":{"title":"Invited speakers - 6. kongres hitne medicine s me\u0111unarodnim sudjelovanjem","robots":{"index":"index","follow":"follow","max-snippet":"max-snippet:-1","max-image-preview":"max-image-preview:large","max-video-preview":"max-video-preview:-1"},"canonical":"https:\/\/hitna2022.conventuscredo.hr\/en\/invited-speakers\/","og_locale":"en_US","og_type":"article","og_title":"Invited speakers - 6. kongres hitne medicine s me\u0111unarodnim sudjelovanjem","og_description":"INGRID BO\u0160AN KALIBARDA (Zagreb, Croatia) MONIKA BRODMANN MAEDER (Bern, Switzerland) RUTH BROWN (London, UK) ARISTOMENIS EXADAKTYLOS (Bern, Switzerland) BORIS FILIPOVI\u0106 GR\u010cI\u0106 (Zagreb, Croatia) IVAN GORNIK (Zagreb, Croatia) CHARLES HAVILAN MIZE (Bridgeport, CT, USA) MICHAEL KELLNER (New York, NY, USA) ROBERT LEACH (Tournai, Belgium) VI\u0160NJA NESEK ADAM (Zagreb, Croatia) MARTINA PAVLETI\u0106 (Rijeka, Croatia) HRVOJE PINTARI\u0106 (Zagreb, [&hellip;]","og_url":"https:\/\/hitna2022.conventuscredo.hr\/en\/invited-speakers\/","og_site_name":"6. kongres hitne medicine s me\u0111unarodnim sudjelovanjem","article_modified_time":"2022-05-11T08:43:37+00:00","twitter_card":"summary_large_image","twitter_misc":{"Est. reading time":"1 minute"},"schema":{"@context":"https:\/\/schema.org","@graph":[{"@type":"WebPage","@id":"https:\/\/hitna2022.conventuscredo.hr\/en\/invited-speakers\/","url":"https:\/\/hitna2022.conventuscredo.hr\/en\/invited-speakers\/","name":"Invited speakers - 6. kongres hitne medicine s me\u0111unarodnim sudjelovanjem","isPartOf":{"@id":"https:\/\/hitna2022.conventuscredo.hr\/en\/#website"},"datePublished":"2022-01-23T21:20:18+00:00","dateModified":"2022-05-11T08:43:37+00:00","breadcrumb":{"@id":"https:\/\/hitna2022.conventuscredo.hr\/en\/invited-speakers\/#breadcrumb"},"inLanguage":"en-US","potentialAction":[{"@type":"ReadAction","target":["https:\/\/hitna2022.conventuscredo.hr\/en\/invited-speakers\/"]}]},{"@type":"BreadcrumbList","@id":"https:\/\/hitna2022.conventuscredo.hr\/en\/invited-speakers\/#breadcrumb","itemListElement":[{"@type":"ListItem","position":1,"name":"Po\u010detna stranica","item":"https:\/\/hitna2022.conventuscredo.hr\/en\/"},{"@type":"ListItem","position":2,"name":"Invited speakers"}]},{"@type":"WebSite","@id":"https:\/\/hitna2022.conventuscredo.hr\/en\/#website","url":"https:\/\/hitna2022.conventuscredo.hr\/en\/","name":"6. kongres hitne medicine s me\u0111unarodnim sudjelovanjem","description":"03.-05. lipnja 2022. Vodice, Hrvatska","potentialAction":[{"@type":"SearchAction","target":{"@type":"EntryPoint","urlTemplate":"https:\/\/hitna2022.conventuscredo.hr\/en\/?s={search_term_string}"},"query-input":{"@type":"PropertyValueSpecification","valueRequired":true,"valueName":"search_term_string"}}],"inLanguage":"en-US"}]}},"_links":{"self":[{"href":"https:\/\/hitna2022.conventuscredo.hr\/en\/wp-json\/wp\/v2\/pages\/131","targetHints":{"allow":["GET"]}}],"collection":[{"href":"https:\/\/hitna2022.conventuscredo.hr\/en\/wp-json\/wp\/v2\/pages"}],"about":[{"href":"https:\/\/hitna2022.conventuscredo.hr\/en\/wp-json\/wp\/v2\/types\/page"}],"author":[{"embeddable":true,"href":"https:\/\/hitna2022.conventuscredo.hr\/en\/wp-json\/wp\/v2\/users\/1"}],"replies":[{"embeddable":true,"href":"https:\/\/hitna2022.conventuscredo.hr\/en\/wp-json\/wp\/v2\/comments?post=131"}],"version-history":[{"count":4,"href":"https:\/\/hitna2022.conventuscredo.hr\/en\/wp-json\/wp\/v2\/pages\/131\/revisions"}],"predecessor-version":[{"id":599,"href":"https:\/\/hitna2022.conventuscredo.hr\/en\/wp-json\/wp\/v2\/pages\/131\/revisions\/599"}],"wp:attachment":[{"href":"https:\/\/hitna2022.conventuscredo.hr\/en\/wp-json\/wp\/v2\/media?parent=131"}],"curies":[{"name":"wp","href":"https:\/\/api.w.org\/{rel}","templated":true}]}}