{"id":127,"date":"2022-01-23T22:19:04","date_gmt":"2022-01-23T21:19:04","guid":{"rendered":"https:\/\/hitna2022.conventuscredo.hr\/?page_id=127"},"modified":"2022-05-31T16:00:39","modified_gmt":"2022-05-31T14:00:39","slug":"congress-program","status":"publish","type":"page","link":"https:\/\/hitna2022.conventuscredo.hr\/en\/congress-program\/","title":{"rendered":"Congress program"},"content":{"rendered":"<p>[et_pb_section fb_built=&#8221;1&#8243; admin_label=&#8221;section&#8221; _builder_version=&#8221;4.16&#8243; global_colors_info=&#8221;{}&#8221;][et_pb_row admin_label=&#8221;row&#8221; _builder_version=&#8221;4.16&#8243; background_size=&#8221;initial&#8221; background_position=&#8221;top_left&#8221; background_repeat=&#8221;repeat&#8221; global_colors_info=&#8221;{}&#8221;][et_pb_column type=&#8221;4_4&#8243; _builder_version=&#8221;4.16&#8243; custom_padding=&#8221;|||&#8221; global_colors_info=&#8221;{}&#8221; custom_padding__hover=&#8221;|||&#8221;][et_pb_text admin_label=&#8221;Text&#8221; _builder_version=&#8221;4.17.4&#8243; background_size=&#8221;initial&#8221; background_position=&#8221;top_left&#8221; background_repeat=&#8221;repeat&#8221; hover_enabled=&#8221;0&#8243; global_colors_info=&#8221;{}&#8221; sticky_enabled=&#8221;0&#8243;]<\/p>\n<p>The Congress will be organized in the form of plenary lectures, oral presentations, satellite symposia, workshops, and posters.<\/p>\n<p><strong>Topics<\/strong><\/p>\n<ol>\n<li>Airway and ventilation<\/li>\n<li>Geriatric emergencies<\/li>\n<li>Acute abdomen<\/li>\n<li>Polytrauma<\/li>\n<li>Pain management in emergency medicine<\/li>\n<li>Sepsis<\/li>\n<li>Emergencies in paediatrics<\/li>\n<li>Helicopters emergency medical services<\/li>\n<li>Medical dispatch unit<\/li>\n<li>Point of care in emergency medicine<\/li>\n<li>COVID-19<\/li>\n<li>Free topics<\/li>\n<\/ol>\n<p>&nbsp;<\/p>\n<p><strong>Workshops<\/strong><\/p>\n<ol>\n<li><strong> Ultrasound of the veins of the lower extremities<br \/><\/strong>Moderators: Ivan Gornik, Adis Keranovi\u0107, Jasmin Hamzi\u0107, Dinka Luli\u0107<\/li>\n<\/ol>\n<ol start=\"2\">\n<li><strong> Regional anesthesia in emergency medicine<br \/><\/strong>Moderatosr: Ira Skok, Marina Banovi\u0107<\/li>\n<\/ol>\n<ol start=\"3\">\n<li><strong> Emergencies in pediatrics<br \/><\/strong>Moderators: Boris Filip\u010di\u0107 Gr\u010di\u0107, Tina Buratovi\u0107, Katarina Pavi\u010di\u0107 Klancir<\/li>\n<\/ol>\n<p>&nbsp;<\/p>\n<p><strong>Program<\/strong><\/p>\n<p>The Congress program is available <strong><a href=\"https:\/\/hitna2022.conventuscredo.hr\/wp-content\/uploads\/2022\/05\/hitna2022_program_-2.pdf\" target=\"_blank\" rel=\"attachment noopener wp-att-699\" data-mce-fragment=\"1\">HERE<\/a>\u200b.<\/strong><\/p>\n<p>[\/et_pb_text][\/et_pb_column][\/et_pb_row][\/et_pb_section]<\/p>\n","protected":false},"excerpt":{"rendered":"<p>The Congress will be organized in the form of plenary lectures, oral presentations, satellite symposia, workshops, and posters. Topics Airway and ventilation Geriatric emergencies Acute abdomen Polytrauma Pain management in emergency medicine Sepsis Emergencies in paediatrics Helicopters emergency medical services Medical dispatch unit Point of care in emergency medicine COVID-19 Free topics &nbsp; Workshops Ultrasound [&hellip;]<\/p>\n","protected":false},"author":1,"featured_media":0,"parent":0,"menu_order":0,"comment_status":"closed","ping_status":"closed","template":"","meta":{"_acf_changed":false,"_et_pb_use_builder":"on","_et_pb_old_content":"The Congress will be organized in the form of plenary lectures, oral presentations, satellite symposia, workshops, and posters.\r\n\r\n\u00a0\r\n\r\n<strong>Topics<\/strong>\r\n<ol>\r\n \t<li>Airway and ventilation<\/li>\r\n \t<li>Geriatric emergencies<\/li>\r\n \t<li>Acute abdomen<\/li>\r\n \t<li>Polytrauma<\/li>\r\n \t<li>Pain management in emergency medicine<\/li>\r\n \t<li>Sepsis<\/li>\r\n \t<li>Emergencies in paediatrics<\/li>\r\n \t<li>Helicopters emergency medical services<\/li>\r\n \t<li>Medical dispatch unit<\/li>\r\n \t<li>Point of care in emergency medicine<\/li>\r\n \t<li>COVID-19<\/li>\r\n \t<li>Free topics<\/li>\r\n<\/ol>\r\n<strong>\u00a0<\/strong>\r\n\r\n<strong>\u00a0<\/strong>\r\n\r\n<strong>Workshops<\/strong>\r\n\r\n<strong>\u00a0<\/strong>\r\n<ol>\r\n \t<li><strong> Ultrasound of the veins of the lower extremities<\/strong><\/li>\r\n<\/ol>\r\nModerator: Ivan Gornik\r\n\r\n<strong>\u00a0<\/strong>\r\n<ol start=\"2\">\r\n \t<li><strong> Regional anesthesia in emergency medicine<\/strong><\/li>\r\n<\/ol>\r\nModerators: Ira Skok, Kre\u0161imir Oremu\u0161\r\n\r\n<strong>\u00a0<\/strong>\r\n<ol start=\"3\">\r\n \t<li><strong> Emergencies in pediatrics<\/strong><\/li>\r\n<\/ol>\r\nModerator: Boris Filipovi\u0107 Gr\u010di\u0107","_et_gb_content_width":"","footnotes":""},"class_list":["post-127","page","type-page","status-publish","hentry"],"acf":[],"yoast_head":"<!-- This site is optimized with the Yoast SEO plugin v27.5 - https:\/\/yoast.com\/product\/yoast-seo-wordpress\/ -->\n<title>Congress program - 6. kongres hitne medicine s me\u0111unarodnim sudjelovanjem<\/title>\n<meta name=\"robots\" content=\"index, follow, max-snippet:-1, max-image-preview:large, max-video-preview:-1\" \/>\n<link rel=\"canonical\" href=\"https:\/\/hitna2022.conventuscredo.hr\/en\/congress-program\/\" \/>\n<meta property=\"og:locale\" content=\"en_US\" \/>\n<meta property=\"og:type\" content=\"article\" \/>\n<meta property=\"og:title\" content=\"Congress program - 6. kongres hitne medicine s me\u0111unarodnim sudjelovanjem\" \/>\n<meta property=\"og:description\" content=\"The Congress will be organized in the form of plenary lectures, oral presentations, satellite symposia, workshops, and posters. Topics Airway and ventilation Geriatric emergencies Acute abdomen Polytrauma Pain management in emergency medicine Sepsis Emergencies in paediatrics Helicopters emergency medical services Medical dispatch unit Point of care in emergency medicine COVID-19 Free topics &nbsp; Workshops Ultrasound [&hellip;]\" \/>\n<meta property=\"og:url\" content=\"https:\/\/hitna2022.conventuscredo.hr\/en\/congress-program\/\" \/>\n<meta property=\"og:site_name\" content=\"6. kongres hitne medicine s me\u0111unarodnim sudjelovanjem\" \/>\n<meta property=\"article:modified_time\" content=\"2022-05-31T14:00:39+00:00\" \/>\n<meta name=\"twitter:card\" content=\"summary_large_image\" \/>\n<meta name=\"twitter:label1\" content=\"Est. reading time\" \/>\n\t<meta name=\"twitter:data1\" content=\"1 minute\" \/>\n<script type=\"application\/ld+json\" class=\"yoast-schema-graph\">{\"@context\":\"https:\\\/\\\/schema.org\",\"@graph\":[{\"@type\":\"WebPage\",\"@id\":\"https:\\\/\\\/hitna2022.conventuscredo.hr\\\/en\\\/congress-program\\\/\",\"url\":\"https:\\\/\\\/hitna2022.conventuscredo.hr\\\/en\\\/congress-program\\\/\",\"name\":\"Congress program - 6. kongres hitne medicine s me\u0111unarodnim sudjelovanjem\",\"isPartOf\":{\"@id\":\"https:\\\/\\\/hitna2022.conventuscredo.hr\\\/en\\\/#website\"},\"datePublished\":\"2022-01-23T21:19:04+00:00\",\"dateModified\":\"2022-05-31T14:00:39+00:00\",\"breadcrumb\":{\"@id\":\"https:\\\/\\\/hitna2022.conventuscredo.hr\\\/en\\\/congress-program\\\/#breadcrumb\"},\"inLanguage\":\"en-US\",\"potentialAction\":[{\"@type\":\"ReadAction\",\"target\":[\"https:\\\/\\\/hitna2022.conventuscredo.hr\\\/en\\\/congress-program\\\/\"]}]},{\"@type\":\"BreadcrumbList\",\"@id\":\"https:\\\/\\\/hitna2022.conventuscredo.hr\\\/en\\\/congress-program\\\/#breadcrumb\",\"itemListElement\":[{\"@type\":\"ListItem\",\"position\":1,\"name\":\"Po\u010detna stranica\",\"item\":\"https:\\\/\\\/hitna2022.conventuscredo.hr\\\/en\\\/\"},{\"@type\":\"ListItem\",\"position\":2,\"name\":\"Congress program\"}]},{\"@type\":\"WebSite\",\"@id\":\"https:\\\/\\\/hitna2022.conventuscredo.hr\\\/en\\\/#website\",\"url\":\"https:\\\/\\\/hitna2022.conventuscredo.hr\\\/en\\\/\",\"name\":\"6. kongres hitne medicine s me\u0111unarodnim sudjelovanjem\",\"description\":\"03.-05. lipnja 2022. Vodice, Hrvatska\",\"potentialAction\":[{\"@type\":\"SearchAction\",\"target\":{\"@type\":\"EntryPoint\",\"urlTemplate\":\"https:\\\/\\\/hitna2022.conventuscredo.hr\\\/en\\\/?s={search_term_string}\"},\"query-input\":{\"@type\":\"PropertyValueSpecification\",\"valueRequired\":true,\"valueName\":\"search_term_string\"}}],\"inLanguage\":\"en-US\"}]}<\/script>\n<!-- \/ Yoast SEO plugin. -->","yoast_head_json":{"title":"Congress program - 6. kongres hitne medicine s me\u0111unarodnim sudjelovanjem","robots":{"index":"index","follow":"follow","max-snippet":"max-snippet:-1","max-image-preview":"max-image-preview:large","max-video-preview":"max-video-preview:-1"},"canonical":"https:\/\/hitna2022.conventuscredo.hr\/en\/congress-program\/","og_locale":"en_US","og_type":"article","og_title":"Congress program - 6. kongres hitne medicine s me\u0111unarodnim sudjelovanjem","og_description":"The Congress will be organized in the form of plenary lectures, oral presentations, satellite symposia, workshops, and posters. Topics Airway and ventilation Geriatric emergencies Acute abdomen Polytrauma Pain management in emergency medicine Sepsis Emergencies in paediatrics Helicopters emergency medical services Medical dispatch unit Point of care in emergency medicine COVID-19 Free topics &nbsp; Workshops Ultrasound [&hellip;]","og_url":"https:\/\/hitna2022.conventuscredo.hr\/en\/congress-program\/","og_site_name":"6. kongres hitne medicine s me\u0111unarodnim sudjelovanjem","article_modified_time":"2022-05-31T14:00:39+00:00","twitter_card":"summary_large_image","twitter_misc":{"Est. reading time":"1 minute"},"schema":{"@context":"https:\/\/schema.org","@graph":[{"@type":"WebPage","@id":"https:\/\/hitna2022.conventuscredo.hr\/en\/congress-program\/","url":"https:\/\/hitna2022.conventuscredo.hr\/en\/congress-program\/","name":"Congress program - 6. kongres hitne medicine s me\u0111unarodnim sudjelovanjem","isPartOf":{"@id":"https:\/\/hitna2022.conventuscredo.hr\/en\/#website"},"datePublished":"2022-01-23T21:19:04+00:00","dateModified":"2022-05-31T14:00:39+00:00","breadcrumb":{"@id":"https:\/\/hitna2022.conventuscredo.hr\/en\/congress-program\/#breadcrumb"},"inLanguage":"en-US","potentialAction":[{"@type":"ReadAction","target":["https:\/\/hitna2022.conventuscredo.hr\/en\/congress-program\/"]}]},{"@type":"BreadcrumbList","@id":"https:\/\/hitna2022.conventuscredo.hr\/en\/congress-program\/#breadcrumb","itemListElement":[{"@type":"ListItem","position":1,"name":"Po\u010detna stranica","item":"https:\/\/hitna2022.conventuscredo.hr\/en\/"},{"@type":"ListItem","position":2,"name":"Congress program"}]},{"@type":"WebSite","@id":"https:\/\/hitna2022.conventuscredo.hr\/en\/#website","url":"https:\/\/hitna2022.conventuscredo.hr\/en\/","name":"6. kongres hitne medicine s me\u0111unarodnim sudjelovanjem","description":"03.-05. lipnja 2022. Vodice, Hrvatska","potentialAction":[{"@type":"SearchAction","target":{"@type":"EntryPoint","urlTemplate":"https:\/\/hitna2022.conventuscredo.hr\/en\/?s={search_term_string}"},"query-input":{"@type":"PropertyValueSpecification","valueRequired":true,"valueName":"search_term_string"}}],"inLanguage":"en-US"}]}},"_links":{"self":[{"href":"https:\/\/hitna2022.conventuscredo.hr\/en\/wp-json\/wp\/v2\/pages\/127","targetHints":{"allow":["GET"]}}],"collection":[{"href":"https:\/\/hitna2022.conventuscredo.hr\/en\/wp-json\/wp\/v2\/pages"}],"about":[{"href":"https:\/\/hitna2022.conventuscredo.hr\/en\/wp-json\/wp\/v2\/types\/page"}],"author":[{"embeddable":true,"href":"https:\/\/hitna2022.conventuscredo.hr\/en\/wp-json\/wp\/v2\/users\/1"}],"replies":[{"embeddable":true,"href":"https:\/\/hitna2022.conventuscredo.hr\/en\/wp-json\/wp\/v2\/comments?post=127"}],"version-history":[{"count":8,"href":"https:\/\/hitna2022.conventuscredo.hr\/en\/wp-json\/wp\/v2\/pages\/127\/revisions"}],"predecessor-version":[{"id":702,"href":"https:\/\/hitna2022.conventuscredo.hr\/en\/wp-json\/wp\/v2\/pages\/127\/revisions\/702"}],"wp:attachment":[{"href":"https:\/\/hitna2022.conventuscredo.hr\/en\/wp-json\/wp\/v2\/media?parent=127"}],"curies":[{"name":"wp","href":"https:\/\/api.w.org\/{rel}","templated":true}]}}