{"id":107,"date":"2022-01-23T22:08:13","date_gmt":"2022-01-23T21:08:13","guid":{"rendered":"https:\/\/hitna2022.conventuscredo.hr\/organization\/"},"modified":"2022-01-24T14:08:40","modified_gmt":"2022-01-24T13:08:40","slug":"organization","status":"publish","type":"page","link":"https:\/\/hitna2022.conventuscredo.hr\/en\/organization\/","title":{"rendered":"Organization"},"content":{"rendered":"<p>[et_pb_section admin_label=&#8221;section&#8221;]<br \/>\n\t\t\t[et_pb_row admin_label=&#8221;row&#8221;]<br \/>\n\t\t\t\t[et_pb_column type=&#8221;4_4&#8243;][et_pb_text admin_label=&#8221;Text&#8221;]<strong>Congress President<\/strong><br \/>\nVi\u0161nja Nesek-Adam<\/p>\n<p><strong>Organizer<\/strong><br \/>\nCroatian Medical Association, Croatian Society of Emergency Medicine<\/p>\n<p><strong>Congress venue<\/strong><br \/>\nHotel Olympia<br \/>\nLjudevita Gaja 6, 22 211 Vodice<\/p>\n<p><strong>Organizing Committee<\/strong><br \/>\nAn\u0111ela Simi\u0107<br \/>\nAltijana Kadi\u0107<br \/>\nMartina Pavleti\u0107<br \/>\nBranka Bardak<br \/>\nIvana Srzi\u0107<br \/>\nAdis Keranovi\u0107<br \/>\nRadmila Majhen Ujevi\u0107<br \/>\nBranka Tomljanovi\u0107<\/p>\n<p><strong>Expert Committee<\/strong><br \/>\nJudith E. Tintinalli<br \/>\nAristomenis Exadaktylos<br \/>\nIngrid Prka\u010din<br \/>\nIvan Gornik<br \/>\nHrvoje Pintari\u0107<br \/>\nIngrid Bo\u0161an-Kilibarda[\/et_pb_text][\/et_pb_column]<br \/>\n\t\t\t[\/et_pb_row]<br \/>\n\t\t[\/et_pb_section]<\/p>\n","protected":false},"excerpt":{"rendered":"<p>[et_pb_section admin_label=&#8221;section&#8221;] [et_pb_row admin_label=&#8221;row&#8221;] [et_pb_column type=&#8221;4_4&#8243;][et_pb_text admin_label=&#8221;Text&#8221;]Congress President Vi\u0161nja Nesek-Adam Organizer Croatian Medical Association, Croatian Society of Emergency Medicine Congress venue Hotel Olympia Ljudevita Gaja 6, 22 211 Vodice Organizing Committee An\u0111ela Simi\u0107 Altijana Kadi\u0107 Martina Pavleti\u0107 Branka Bardak Ivana Srzi\u0107 Adis Keranovi\u0107 Radmila Majhen Ujevi\u0107 Branka Tomljanovi\u0107 Expert Committee Judith E. Tintinalli Aristomenis Exadaktylos [&hellip;]<\/p>\n","protected":false},"author":1,"featured_media":0,"parent":0,"menu_order":0,"comment_status":"closed","ping_status":"closed","template":"","meta":{"_acf_changed":false,"_et_pb_use_builder":"","_et_pb_old_content":"<strong>Congress President<\/strong>\nVi\u0161nja Nesek-Adam\n\n<strong>Organizer<\/strong>\nCroatian Medical Association, Croatian Society of Emergency Medicine\n\n<strong>Congress venue<\/strong>\nHotel Olympia\nLjudevita Gaja 6, 22 211 Vodice\n\n<strong>Organizing Committee<\/strong>\nAn\u0111ela Simi\u0107\nAltijana Kadi\u0107\nMartina Pavleti\u0107\nBranka Bardak\nIvana Srzi\u0107\nAdis Keranovi\u0107\nRadmila Majhen Ujevi\u0107\nBranka Tomljanovi\u0107\n\n<strong>Expert Committee<\/strong>\nJudith E. Tintinalli\nAristomenis Exadaktylos\nIngrid Prka\u010din\nIvan Gornik\nHrvoje Pintari\u0107\nIngrid Bo\u0161an-Kilibarda","_et_gb_content_width":"","footnotes":""},"class_list":["post-107","page","type-page","status-publish","hentry"],"acf":[],"yoast_head":"<!-- This site is optimized with the Yoast SEO plugin v27.5 - https:\/\/yoast.com\/product\/yoast-seo-wordpress\/ -->\n<title>Organization - 6. kongres hitne medicine s me\u0111unarodnim sudjelovanjem<\/title>\n<meta name=\"robots\" content=\"index, follow, max-snippet:-1, max-image-preview:large, max-video-preview:-1\" \/>\n<link rel=\"canonical\" href=\"https:\/\/hitna2022.conventuscredo.hr\/en\/organization\/\" \/>\n<meta property=\"og:locale\" content=\"en_US\" \/>\n<meta property=\"og:type\" content=\"article\" \/>\n<meta property=\"og:title\" content=\"Organization - 6. kongres hitne medicine s me\u0111unarodnim sudjelovanjem\" \/>\n<meta property=\"og:description\" content=\"[et_pb_section admin_label=&#8221;section&#8221;] [et_pb_row admin_label=&#8221;row&#8221;] [et_pb_column type=&#8221;4_4&#8243;][et_pb_text admin_label=&#8221;Text&#8221;]Congress President Vi\u0161nja Nesek-Adam Organizer Croatian Medical Association, Croatian Society of Emergency Medicine Congress venue Hotel Olympia Ljudevita Gaja 6, 22 211 Vodice Organizing Committee An\u0111ela Simi\u0107 Altijana Kadi\u0107 Martina Pavleti\u0107 Branka Bardak Ivana Srzi\u0107 Adis Keranovi\u0107 Radmila Majhen Ujevi\u0107 Branka Tomljanovi\u0107 Expert Committee Judith E. Tintinalli Aristomenis Exadaktylos [&hellip;]\" \/>\n<meta property=\"og:url\" content=\"https:\/\/hitna2022.conventuscredo.hr\/en\/organization\/\" \/>\n<meta property=\"og:site_name\" content=\"6. kongres hitne medicine s me\u0111unarodnim sudjelovanjem\" \/>\n<meta property=\"article:modified_time\" content=\"2022-01-24T13:08:40+00:00\" \/>\n<meta name=\"twitter:card\" content=\"summary_large_image\" \/>\n<script type=\"application\/ld+json\" class=\"yoast-schema-graph\">{\"@context\":\"https:\\\/\\\/schema.org\",\"@graph\":[{\"@type\":\"WebPage\",\"@id\":\"https:\\\/\\\/hitna2022.conventuscredo.hr\\\/en\\\/organization\\\/\",\"url\":\"https:\\\/\\\/hitna2022.conventuscredo.hr\\\/en\\\/organization\\\/\",\"name\":\"Organization - 6. kongres hitne medicine s me\u0111unarodnim sudjelovanjem\",\"isPartOf\":{\"@id\":\"https:\\\/\\\/hitna2022.conventuscredo.hr\\\/en\\\/#website\"},\"datePublished\":\"2022-01-23T21:08:13+00:00\",\"dateModified\":\"2022-01-24T13:08:40+00:00\",\"breadcrumb\":{\"@id\":\"https:\\\/\\\/hitna2022.conventuscredo.hr\\\/en\\\/organization\\\/#breadcrumb\"},\"inLanguage\":\"en-US\",\"potentialAction\":[{\"@type\":\"ReadAction\",\"target\":[\"https:\\\/\\\/hitna2022.conventuscredo.hr\\\/en\\\/organization\\\/\"]}]},{\"@type\":\"BreadcrumbList\",\"@id\":\"https:\\\/\\\/hitna2022.conventuscredo.hr\\\/en\\\/organization\\\/#breadcrumb\",\"itemListElement\":[{\"@type\":\"ListItem\",\"position\":1,\"name\":\"Po\u010detna stranica\",\"item\":\"https:\\\/\\\/hitna2022.conventuscredo.hr\\\/en\\\/\"},{\"@type\":\"ListItem\",\"position\":2,\"name\":\"Organization\"}]},{\"@type\":\"WebSite\",\"@id\":\"https:\\\/\\\/hitna2022.conventuscredo.hr\\\/en\\\/#website\",\"url\":\"https:\\\/\\\/hitna2022.conventuscredo.hr\\\/en\\\/\",\"name\":\"6. kongres hitne medicine s me\u0111unarodnim sudjelovanjem\",\"description\":\"03.-05. lipnja 2022. Vodice, Hrvatska\",\"potentialAction\":[{\"@type\":\"SearchAction\",\"target\":{\"@type\":\"EntryPoint\",\"urlTemplate\":\"https:\\\/\\\/hitna2022.conventuscredo.hr\\\/en\\\/?s={search_term_string}\"},\"query-input\":{\"@type\":\"PropertyValueSpecification\",\"valueRequired\":true,\"valueName\":\"search_term_string\"}}],\"inLanguage\":\"en-US\"}]}<\/script>\n<!-- \/ Yoast SEO plugin. -->","yoast_head_json":{"title":"Organization - 6. kongres hitne medicine s me\u0111unarodnim sudjelovanjem","robots":{"index":"index","follow":"follow","max-snippet":"max-snippet:-1","max-image-preview":"max-image-preview:large","max-video-preview":"max-video-preview:-1"},"canonical":"https:\/\/hitna2022.conventuscredo.hr\/en\/organization\/","og_locale":"en_US","og_type":"article","og_title":"Organization - 6. kongres hitne medicine s me\u0111unarodnim sudjelovanjem","og_description":"[et_pb_section admin_label=&#8221;section&#8221;] [et_pb_row admin_label=&#8221;row&#8221;] [et_pb_column type=&#8221;4_4&#8243;][et_pb_text admin_label=&#8221;Text&#8221;]Congress President Vi\u0161nja Nesek-Adam Organizer Croatian Medical Association, Croatian Society of Emergency Medicine Congress venue Hotel Olympia Ljudevita Gaja 6, 22 211 Vodice Organizing Committee An\u0111ela Simi\u0107 Altijana Kadi\u0107 Martina Pavleti\u0107 Branka Bardak Ivana Srzi\u0107 Adis Keranovi\u0107 Radmila Majhen Ujevi\u0107 Branka Tomljanovi\u0107 Expert Committee Judith E. Tintinalli Aristomenis Exadaktylos [&hellip;]","og_url":"https:\/\/hitna2022.conventuscredo.hr\/en\/organization\/","og_site_name":"6. kongres hitne medicine s me\u0111unarodnim sudjelovanjem","article_modified_time":"2022-01-24T13:08:40+00:00","twitter_card":"summary_large_image","schema":{"@context":"https:\/\/schema.org","@graph":[{"@type":"WebPage","@id":"https:\/\/hitna2022.conventuscredo.hr\/en\/organization\/","url":"https:\/\/hitna2022.conventuscredo.hr\/en\/organization\/","name":"Organization - 6. kongres hitne medicine s me\u0111unarodnim sudjelovanjem","isPartOf":{"@id":"https:\/\/hitna2022.conventuscredo.hr\/en\/#website"},"datePublished":"2022-01-23T21:08:13+00:00","dateModified":"2022-01-24T13:08:40+00:00","breadcrumb":{"@id":"https:\/\/hitna2022.conventuscredo.hr\/en\/organization\/#breadcrumb"},"inLanguage":"en-US","potentialAction":[{"@type":"ReadAction","target":["https:\/\/hitna2022.conventuscredo.hr\/en\/organization\/"]}]},{"@type":"BreadcrumbList","@id":"https:\/\/hitna2022.conventuscredo.hr\/en\/organization\/#breadcrumb","itemListElement":[{"@type":"ListItem","position":1,"name":"Po\u010detna stranica","item":"https:\/\/hitna2022.conventuscredo.hr\/en\/"},{"@type":"ListItem","position":2,"name":"Organization"}]},{"@type":"WebSite","@id":"https:\/\/hitna2022.conventuscredo.hr\/en\/#website","url":"https:\/\/hitna2022.conventuscredo.hr\/en\/","name":"6. kongres hitne medicine s me\u0111unarodnim sudjelovanjem","description":"03.-05. lipnja 2022. Vodice, Hrvatska","potentialAction":[{"@type":"SearchAction","target":{"@type":"EntryPoint","urlTemplate":"https:\/\/hitna2022.conventuscredo.hr\/en\/?s={search_term_string}"},"query-input":{"@type":"PropertyValueSpecification","valueRequired":true,"valueName":"search_term_string"}}],"inLanguage":"en-US"}]}},"_links":{"self":[{"href":"https:\/\/hitna2022.conventuscredo.hr\/en\/wp-json\/wp\/v2\/pages\/107","targetHints":{"allow":["GET"]}}],"collection":[{"href":"https:\/\/hitna2022.conventuscredo.hr\/en\/wp-json\/wp\/v2\/pages"}],"about":[{"href":"https:\/\/hitna2022.conventuscredo.hr\/en\/wp-json\/wp\/v2\/types\/page"}],"author":[{"embeddable":true,"href":"https:\/\/hitna2022.conventuscredo.hr\/en\/wp-json\/wp\/v2\/users\/1"}],"replies":[{"embeddable":true,"href":"https:\/\/hitna2022.conventuscredo.hr\/en\/wp-json\/wp\/v2\/comments?post=107"}],"version-history":[{"count":1,"href":"https:\/\/hitna2022.conventuscredo.hr\/en\/wp-json\/wp\/v2\/pages\/107\/revisions"}],"predecessor-version":[{"id":233,"href":"https:\/\/hitna2022.conventuscredo.hr\/en\/wp-json\/wp\/v2\/pages\/107\/revisions\/233"}],"wp:attachment":[{"href":"https:\/\/hitna2022.conventuscredo.hr\/en\/wp-json\/wp\/v2\/media?parent=107"}],"curies":[{"name":"wp","href":"https:\/\/api.w.org\/{rel}","templated":true}]}}